{"id":5,"date":"2023-07-10T13:48:29","date_gmt":"2023-07-10T13:48:29","guid":{"rendered":"https:\/\/carolina.vigna.com.br\/palimpsestos\/?page_id=5"},"modified":"2023-07-13T13:05:08","modified_gmt":"2023-07-13T13:05:08","slug":"palimpsestos","status":"publish","type":"page","link":"https:\/\/carolina.vigna.com.br\/palimpsestos\/","title":{"rendered":"Palimpsestos"},"content":{"rendered":"<p><a href=\"https:\/\/carolina.vigna.com.br\/palimpsestos\/wp-content\/uploads\/2023\/07\/anuncio_rascunho_LOW.jpg\"><img loading=\"lazy\" decoding=\"async\" class=\"alignleft size-thumbnail wp-image-10\" src=\"https:\/\/carolina.vigna.com.br\/palimpsestos\/wp-content\/uploads\/2023\/07\/anuncio_rascunho_LOW-150x150.jpg\" alt=\"an\u00fancio Palimpsestos\" width=\"150\" height=\"150\" \/><\/a>A exposi\u00e7\u00e3o <strong>Palimpsestos <\/strong>apresenta um di\u00e1logo entre m\u00e3e e filha.<\/p>\n<p>Elvira Vigna (1947-2017) foi uma escritora brasileira.<\/p>\n<p>Carolina Vigna (1971) \u00e9 artista visual, professora e escritora.<\/p>\n<p>Roberto Vigna (2001) assina a curadoria.<\/p>\n<p>Carolina e Elvira s\u00e3o autoras de <em>Uma hist\u00f3ria da arte<\/em> (Cepe, 2023).<\/p>\n<p>Palimpsesto \u00e9 um papiro ou pergaminho cujo texto primitivo foi raspado, para dar lugar a outro, de forma que o registro do conte\u00fado anterior ainda se faz presente, como uma constru\u00e7\u00e3o em camadas. \u00c9 tamb\u00e9m uma refer\u00eancia ao t\u00edtulo do \u00faltimo livro de Elvira publicado em vida, <strong>Como se estiv\u00e9ssemos em palimpsesto de putas<\/strong> (Companhia das Letras, 2016).<\/p>\n<p>Carolina escolheu frases ou trechos dos livros da m\u00e3e e criou imagens para eles, utilizando fotografias e grafismos manipulados digitalmente. Impressos sobre tecido, as imagens e os textos se mesclam visualmente, tanto pela proximidade quanto pela semitranspar\u00eancia do material. Criando mais uma camada poliss\u00eamica de palimpsesto.<\/p>\n<p>S\u00e3o, ao todo, 15 obras (15 textos + 15 imagens), medindo 90 x 130 cm.<\/p>\n<p>A exposi\u00e7\u00e3o conta com cat\u00e1logo digital e hotsite de apoio &#8211; http:\/\/carolina.vigna.com.br\/palimpsestos\/ -, onde ficar\u00e3o permanentemente disponibilizados o cat\u00e1logo digital, textos curatoriais e de apoio, <em>making-of<\/em>, fotografias da montagem e da exposi\u00e7\u00e3o no MIS de Campinas e v\u00eddeos complementares.<\/p>\n","protected":false},"excerpt":{"rendered":"<p>A exposi\u00e7\u00e3o Palimpsestos apresenta um di\u00e1logo entre m\u00e3e e filha. Elvira Vigna (1947-2017) foi uma escritora brasileira. Carolina Vigna (1971) \u00e9 artista visual, professora e escritora. Roberto Vigna&#8230;<\/p>\n","protected":false},"author":1,"featured_media":0,"parent":0,"menu_order":0,"comment_status":"closed","ping_status":"closed","template":"","meta":{"cybocfi_hide_featured_image":"","footnotes":""},"class_list":["post-5","page","type-page","status-publish","hentry"],"_links":{"self":[{"href":"https:\/\/carolina.vigna.com.br\/palimpsestos\/wp-json\/wp\/v2\/pages\/5","targetHints":{"allow":["GET"]}}],"collection":[{"href":"https:\/\/carolina.vigna.com.br\/palimpsestos\/wp-json\/wp\/v2\/pages"}],"about":[{"href":"https:\/\/carolina.vigna.com.br\/palimpsestos\/wp-json\/wp\/v2\/types\/page"}],"author":[{"embeddable":true,"href":"https:\/\/carolina.vigna.com.br\/palimpsestos\/wp-json\/wp\/v2\/users\/1"}],"replies":[{"embeddable":true,"href":"https:\/\/carolina.vigna.com.br\/palimpsestos\/wp-json\/wp\/v2\/comments?post=5"}],"version-history":[{"count":3,"href":"https:\/\/carolina.vigna.com.br\/palimpsestos\/wp-json\/wp\/v2\/pages\/5\/revisions"}],"predecessor-version":[{"id":164,"href":"https:\/\/carolina.vigna.com.br\/palimpsestos\/wp-json\/wp\/v2\/pages\/5\/revisions\/164"}],"wp:attachment":[{"href":"https:\/\/carolina.vigna.com.br\/palimpsestos\/wp-json\/wp\/v2\/media?parent=5"}],"curies":[{"name":"wp","href":"https:\/\/api.w.org\/{rel}","templated":true}]}}