{"id":61,"date":"2023-07-10T14:49:54","date_gmt":"2023-07-10T14:49:54","guid":{"rendered":"https:\/\/carolina.vigna.com.br\/palimpsestos\/?page_id=61"},"modified":"2023-07-13T12:46:37","modified_gmt":"2023-07-13T12:46:37","slug":"expediente","status":"publish","type":"page","link":"https:\/\/carolina.vigna.com.br\/palimpsestos\/contato\/expediente\/","title":{"rendered":"Expediente"},"content":{"rendered":"<p>Arte: <a href=\"http:\/\/carolina.vigna.com.br\/\">Carolina Vigna<\/a><\/p>\n<p>Curadoria: Roberto Vigna<\/p>\n<p>Design de luz: <a href=\"https:\/\/www.linkedin.com\/in\/alexandre-sonego-de-carvalho-7650902b?lipi=urn%3Ali%3Apage%3Ad_flagship3_profile_view_base_contact_details%3B0J%2F1j78eQKCkRLha%2F%2BVzrg%3D%3D\">Alexandre S\u00f4nego<\/a><\/p>\n<p>Impress\u00e3o e montagem: <a href=\"https:\/\/www.instagram.com\/lecola_comunicacaovisual\/\">LeCol\u00e1<\/a><\/p>\n<p>Especial agradecimento \u00e0 equipe do <a href=\"https:\/\/www.instagram.com\/mis.campinas\/\">MIS de Campinas<\/a><\/p>\n<p>&nbsp;<\/p>\n<p style=\"text-align: right;\"><strong>Museu da Imagem e do Som de Campinas-SP<\/strong><\/p>\n<p style=\"text-align: right;\">11 de julho a 10 de agosto de 2023<\/p>\n<p style=\"text-align: right;\">Rua Regente Feij\u00f3, 859<\/p>\n<p style=\"text-align: right;\">Centro, Campinas &#8211; SP<\/p>\n<p style=\"text-align: right;\">Ter\u00e7a a sexta: das 9h \u00e0s 17h.<\/p>\n<p style=\"text-align: right;\">S\u00e1bado: das 9h \u00e0s 15h.<\/p>\n<p style=\"text-align: right;\">Fechado aos domingos e feriados.<\/p>\n","protected":false},"excerpt":{"rendered":"<p>Arte: Carolina Vigna Curadoria: Roberto Vigna Design de luz: Alexandre S\u00f4nego Impress\u00e3o e montagem: LeCol\u00e1 Especial agradecimento \u00e0 equipe do MIS de Campinas &nbsp; Museu da Imagem e&#8230;<\/p>\n","protected":false},"author":1,"featured_media":0,"parent":69,"menu_order":0,"comment_status":"closed","ping_status":"closed","template":"","meta":{"cybocfi_hide_featured_image":"","footnotes":""},"class_list":["post-61","page","type-page","status-publish","hentry"],"_links":{"self":[{"href":"https:\/\/carolina.vigna.com.br\/palimpsestos\/wp-json\/wp\/v2\/pages\/61","targetHints":{"allow":["GET"]}}],"collection":[{"href":"https:\/\/carolina.vigna.com.br\/palimpsestos\/wp-json\/wp\/v2\/pages"}],"about":[{"href":"https:\/\/carolina.vigna.com.br\/palimpsestos\/wp-json\/wp\/v2\/types\/page"}],"author":[{"embeddable":true,"href":"https:\/\/carolina.vigna.com.br\/palimpsestos\/wp-json\/wp\/v2\/users\/1"}],"replies":[{"embeddable":true,"href":"https:\/\/carolina.vigna.com.br\/palimpsestos\/wp-json\/wp\/v2\/comments?post=61"}],"version-history":[{"count":1,"href":"https:\/\/carolina.vigna.com.br\/palimpsestos\/wp-json\/wp\/v2\/pages\/61\/revisions"}],"predecessor-version":[{"id":154,"href":"https:\/\/carolina.vigna.com.br\/palimpsestos\/wp-json\/wp\/v2\/pages\/61\/revisions\/154"}],"up":[{"embeddable":true,"href":"https:\/\/carolina.vigna.com.br\/palimpsestos\/wp-json\/wp\/v2\/pages\/69"}],"wp:attachment":[{"href":"https:\/\/carolina.vigna.com.br\/palimpsestos\/wp-json\/wp\/v2\/media?parent=61"}],"curies":[{"name":"wp","href":"https:\/\/api.w.org\/{rel}","templated":true}]}}