{"id":7,"date":"2023-07-10T13:48:50","date_gmt":"2023-07-10T13:48:50","guid":{"rendered":"https:\/\/carolina.vigna.com.br\/palimpsestos\/?page_id=7"},"modified":"2023-07-17T23:45:10","modified_gmt":"2023-07-17T23:45:10","slug":"carolina-vigna","status":"publish","type":"page","link":"https:\/\/carolina.vigna.com.br\/palimpsestos\/contato\/expediente\/carolina-vigna\/","title":{"rendered":"Carolina Vigna"},"content":{"rendered":"<p><strong>\u00daltimas Exposi\u00e7\u00f5es<\/strong><\/p>\n<p><strong>2023<\/strong><\/p>\n<ul>\n<li>Exposi\u00e7\u00e3o individual <strong>Palimpsestos<\/strong>, no Museu da Imagem e do Som (Campinas, SP).<\/li>\n<li>Exposici\u00f3n colectiva internacional <strong>Barro y agua<\/strong>, Fundaci\u00f3n Pedro Cano, Universidad de Murcia (Murcia, Espanha).<\/li>\n<\/ul>\n<p><strong>2022<\/strong><\/p>\n<ul>\n<li>3\u00ba Congresso Internacional de Criatividade e Inova\u00e7\u00e3o. <strong>Imagens [im]poss\u00edveis<\/strong> (coletiva).<\/li>\n<\/ul>\n<p><strong>2021<\/strong><\/p>\n<ul>\n<li>Exposi\u00e7\u00e3o Coletiva Internacional &#8211; <strong>Cartografias do Contempor\u00e2neo<\/strong>: uma curadoria OnLine- Clisem. Brasil &#8211; Um muitos coentros.<\/li>\n<\/ul>\n<p><strong>2019<\/strong><\/p>\n<ul>\n<li>Exposi\u00e7\u00e3o individual <strong>Grafos<\/strong>, como parte integrante da sua pesquisa doutoral, no Centro Cultural e Hist\u00f3rico Mackenzie. A tese \u00e9, tamb\u00e9m, uma proposta curatorial.<\/li>\n<li>Exposi\u00e7\u00e3o coletiva <strong>Imagens m\u00ednimas<\/strong>, no Centro Cultural e Hist\u00f3rico Mackenzie.<\/li>\n<li>Em parceria com Nelson Penteado, exposi\u00e7\u00e3o <strong>Transpar\u00eancias afetivas<\/strong>, no Museu da Imagem e do Som (Campinas, SP). Carolina assina tamb\u00e9m a curadoria.<\/li>\n<\/ul>\n<p><strong>2018<\/strong><\/p>\n<ul>\n<li>Participa\u00e7\u00e3o na exposi\u00e7\u00e3o <strong>Arte e seus dogmas: Grafos<\/strong>, Congresso CIANTEC Hebr\u00e1ica &#8211; SP<\/li>\n<li>coletiva <strong>MUDA<\/strong>, Quimera Atelier (SP\/SP), mar\u00e7o de 2018.<\/li>\n<\/ul>\n<p><strong>2017<\/strong><\/p>\n<ul>\n<li>Exposi\u00e7\u00e3o coletiva <strong>Arte e Linguagens Contempor\u00e2neas<\/strong>, no Museu da Imagem e do Som (Campinas, SP).<\/li>\n<li>Exposi\u00e7\u00e3o individual <strong>N\u00e3o me depilei para isso<\/strong>, no Museu da Imagem e do Som (Campinas, SP).<\/li>\n<li>Curadoria art\u00edstica e artista convidada do livro <strong>Arte e linguagens contempor\u00e2neas<\/strong>.<\/li>\n<li>Curadoria da exposi\u00e7\u00e3o coletiva de alunos <strong>Mostra Coletiva de Arte e Publicidade<\/strong>, no Museu da Imagem e do Som (Campinas, SP).<\/li>\n<\/ul>\n<p><strong>2016<\/strong><\/p>\n<ul>\n<li>Exposi\u00e7\u00e3o individual <strong>Moinhos de vento<\/strong>, no Epicentro Cultural (SP).<\/li>\n<\/ul>\n<p><strong>2014<\/strong><\/p>\n<ul>\n<li>Exposi\u00e7\u00e3o coletiva na Belas Artes (SP), com uma enc\u00e1ustica sobre madeira.<\/li>\n<li>Curadoria da exposi\u00e7\u00e3o de <strong>Ex Libris da Biblioteca de Obras Raras<\/strong>, Belas Artes (SP).<\/li>\n<li>Exposi\u00e7\u00e3o <strong>Persist\u00eancia L\u00edquida<\/strong>, Belas Artes SP, em dezembro de 2014<\/li>\n<\/ul>\n<p><strong>2011<\/strong><\/p>\n<ul>\n<li>Exposi\u00e7\u00e3o coletiva na galeria Garcia (SP), com v\u00e1rias aquarelas e aguadas de nanquim, grande porte.<\/li>\n<\/ul>\n<p>Seu principal interesse \u00e9 na rela\u00e7\u00e3o entre imagem, texto e mem\u00f3ria e as atribui\u00e7\u00f5es de significado nas representa\u00e7\u00f5es humanas.<\/p>\n","protected":false},"excerpt":{"rendered":"<p>\u00daltimas Exposi\u00e7\u00f5es 2023 Exposi\u00e7\u00e3o individual Palimpsestos, no Museu da Imagem e do Som (Campinas, SP). Exposici\u00f3n colectiva internacional Barro y agua, Fundaci\u00f3n Pedro Cano, Universidad de Murcia (Murcia,&#8230;<\/p>\n","protected":false},"author":1,"featured_media":0,"parent":61,"menu_order":0,"comment_status":"closed","ping_status":"closed","template":"","meta":{"cybocfi_hide_featured_image":"","footnotes":""},"class_list":["post-7","page","type-page","status-publish","hentry"],"_links":{"self":[{"href":"https:\/\/carolina.vigna.com.br\/palimpsestos\/wp-json\/wp\/v2\/pages\/7","targetHints":{"allow":["GET"]}}],"collection":[{"href":"https:\/\/carolina.vigna.com.br\/palimpsestos\/wp-json\/wp\/v2\/pages"}],"about":[{"href":"https:\/\/carolina.vigna.com.br\/palimpsestos\/wp-json\/wp\/v2\/types\/page"}],"author":[{"embeddable":true,"href":"https:\/\/carolina.vigna.com.br\/palimpsestos\/wp-json\/wp\/v2\/users\/1"}],"replies":[{"embeddable":true,"href":"https:\/\/carolina.vigna.com.br\/palimpsestos\/wp-json\/wp\/v2\/comments?post=7"}],"version-history":[{"count":8,"href":"https:\/\/carolina.vigna.com.br\/palimpsestos\/wp-json\/wp\/v2\/pages\/7\/revisions"}],"predecessor-version":[{"id":197,"href":"https:\/\/carolina.vigna.com.br\/palimpsestos\/wp-json\/wp\/v2\/pages\/7\/revisions\/197"}],"up":[{"embeddable":true,"href":"https:\/\/carolina.vigna.com.br\/palimpsestos\/wp-json\/wp\/v2\/pages\/61"}],"wp:attachment":[{"href":"https:\/\/carolina.vigna.com.br\/palimpsestos\/wp-json\/wp\/v2\/media?parent=7"}],"curies":[{"name":"wp","href":"https:\/\/api.w.org\/{rel}","templated":true}]}}